{"id":2154,"date":"2015-03-12T14:38:59","date_gmt":"2015-03-12T14:38:59","guid":{"rendered":"http:\/\/demo-content.kaliumtheme.com\/agency\/?page_id=2154"},"modified":"2025-02-26T14:33:28","modified_gmt":"2025-02-26T14:33:28","slug":"music-production-2","status":"publish","type":"page","link":"http:\/\/beatgatestudio.com\/?page_id=2154","title":{"rendered":"Music Production"},"content":{"rendered":"<div data-colibri-id=\"2154-c1\" class=\"style-353 style-local-2154-c1 position-relative\">\r\n  <!---->\r\n  <div data-colibri-component=\"section\" data-colibri-id=\"2154-c2\" id=\"initial-content\" class=\"h-section h-section-global-spacing d-flex align-items-lg-center align-items-md-center align-items-center style-354 style-local-2154-c2 position-relative\">\r\n    <!---->\r\n    <!---->\r\n    <div class=\"h-section-grid-container h-section-boxed-container\">\r\n      <!---->\r\n      <div data-colibri-id=\"2154-c3\" class=\"h-row-container gutters-row-lg-1 gutters-row-md-1 gutters-row-0 gutters-row-v-lg-1 gutters-row-v-md-1 gutters-row-v-1 style-359 style-local-2154-c3 position-relative\">\r\n        <!---->\r\n        <div class=\"h-row justify-content-lg-center justify-content-md-center justify-content-center align-items-lg-stretch align-items-md-stretch align-items-stretch gutters-col-lg-1 gutters-col-md-1 gutters-col-0 gutters-col-v-lg-1 gutters-col-v-md-1 gutters-col-v-1\">\r\n          <!---->\r\n          <div class=\"h-column h-column-container d-flex h-col-lg-auto h-col-md-auto h-col-auto style-360-outer style-local-2154-c4-outer\">\r\n            <div data-colibri-id=\"2154-c4\" class=\"d-flex h-flex-basis h-column__inner h-px-lg-1 h-px-md-1 h-px-1 v-inner-lg-1 v-inner-md-1 v-inner-1 style-360 style-local-2154-c4 position-relative\">\r\n              <!---->\r\n              <!---->\r\n              <div class=\"w-100 h-y-container h-column__content h-column__v-align flex-basis-100 align-self-lg-start align-self-md-start align-self-start\">\r\n                <!---->\r\n                <div data-colibri-id=\"2154-c5\" class=\"h-global-transition-all h-heading style-362 style-local-2154-c5 position-relative h-element\">\r\n                  <!---->\r\n                  <div class=\"h-heading__outer style-362 style-local-2154-c5\">\r\n                    <!---->\r\n                    <!---->\r\n                    <h3 class=\"\">MUSIC PRODUCTION<\/h3>\r\n                  <\/div>\r\n                <\/div>\r\n              <\/div>\r\n            <\/div>\r\n          <\/div>\r\n        <\/div>\r\n      <\/div>\r\n      <div data-colibri-id=\"2154-c6\" class=\"h-row-container gutters-row-lg-1 gutters-row-md-1 gutters-row-0 gutters-row-v-lg-1 gutters-row-v-md-1 gutters-row-v-1 style-355 style-local-2154-c6 position-relative\">\r\n        <!---->\r\n        <div class=\"h-row justify-content-lg-center justify-content-md-center justify-content-center align-items-lg-stretch align-items-md-stretch align-items-stretch gutters-col-lg-1 gutters-col-md-1 gutters-col-0 gutters-col-v-lg-1 gutters-col-v-md-1 gutters-col-v-1\">\r\n          <!---->\r\n          <div class=\"h-column h-column-container d-flex h-col-lg-auto h-col-md-auto h-col-auto style-356-outer style-local-2154-c7-outer\">\r\n            <div data-colibri-id=\"2154-c7\" class=\"d-flex h-flex-basis h-column__inner h-px-lg-3 h-px-md-3 h-px-3 v-inner-lg-3 v-inner-md-3 v-inner-3 style-356 style-local-2154-c7 position-relative\">\r\n              <!---->\r\n              <!---->\r\n              <div class=\"w-100 h-y-container h-column__content h-column__v-align flex-basis-100 align-self-lg-start align-self-md-start align-self-start\">\r\n                <!---->\r\n                <div data-colibri-id=\"2154-c8\" class=\"h-lead h-text h-text-component style-358 style-local-2154-c8 position-relative h-element\">\r\n                  <!---->\r\n                  <!---->\r\n                  <div class=\"\">\r\n                    <p><strong>Program Ad\u0131:<\/strong>&nbsp;Music Production<\/p>\r\n                    <p><strong>E\u011fitim S\u00fcresi:&nbsp;&nbsp;<\/strong>???<\/p>\r\n                    <p><strong>E\u011fitim Saati:<\/strong>&nbsp;&nbsp;???<\/p>\r\n                    <p><strong>E\u011fitim Yeri:<\/strong>&nbsp;&nbsp;&nbsp;Beatgate Studio \/ Maslak<\/p>\r\n                    <p>\r\n                      <br>\r\n                    <\/p>\r\n                  <\/div>\r\n                <\/div>\r\n              <\/div>\r\n            <\/div>\r\n          <\/div>\r\n          <div class=\"h-column h-column-container d-flex h-col-lg-auto h-col-md-auto h-col-auto style-366-outer style-local-2154-c9-outer\">\r\n            <div data-colibri-id=\"2154-c9\" class=\"d-flex h-flex-basis h-column__inner h-px-lg-2 h-px-md-2 h-px-2 v-inner-lg-2 v-inner-md-2 v-inner-2 style-366 style-local-2154-c9 position-relative\">\r\n              <!---->\r\n              <!---->\r\n              <div class=\"w-100 h-y-container h-column__content h-column__v-align flex-basis-100 align-self-lg-start align-self-md-start align-self-start\">\r\n                <!---->\r\n                <div data-colibri-id=\"2154-c10\" class=\"h-text h-text-component style-367 style-local-2154-c10 position-relative h-element\">\r\n                  <!---->\r\n                  <!---->\r\n                  <div class=\"\">\r\n                    <p><span style=\"font-weight: 300; font-size: 14px; font-family: Univers, Arial, Helvetica, serif; color: rgb(226, 226, 226);\">&#8211; Tan\u0131\u015fma, Elektronik M\u00fczik Kavram\u0131, Genre, 1950 Sonras\u0131 Elektronik M\u00fczik Geli\u015fim S\u00fcre\u00e7leri (3 Saat)<\/span>\r\n                      <br><span style=\"font-weight: 300; font-size: 14px; font-family: Univers, Arial, Helvetica, serif; color: rgb(226, 226, 226);\">&#8211; Temel Ses Teorisi (3 Saat)<\/span>\r\n                      <br><span style=\"font-weight: 300; font-size: 14px; font-family: Univers, Arial, Helvetica, serif; color: rgb(226, 226, 226);\">&#8211; T\u0131n\u0131 ve Ses Sentezleme (3 Saat)<\/span>\r\n                      <br><span style=\"font-weight: 300; font-size: 14px; font-family: Univers, Arial, Helvetica, serif; color: rgb(226, 226, 226);\">&#8211; DAW\u2019a Giri\u015f (Ableton Live &#8211; Logic Pro) (3 Saat)<\/span>\r\n                      <br><span style=\"font-weight: 300; font-size: 14px; font-family: Univers, Arial, Helvetica, serif; color: rgb(226, 226, 226);\">&#8211; MIDI, Midi Editing (3 Saat)<\/span>\r\n                      <br><span style=\"font-weight: 300; font-size: 14px; font-family: Univers, Arial, Helvetica, serif; color: rgb(226, 226, 226);\">&#8211; Digital Audio, Audio Editing (3 Saat)<\/span>\r\n                      <br><span style=\"font-weight: 300; font-size: 14px; font-family: Univers, Arial, Helvetica, serif; color: rgb(226, 226, 226);\">&#8211; Synthesis, T\u0131n\u0131 Kavram\u0131 ve Sampling (9 Saat)<\/span>\r\n                      <br><span style=\"font-weight: 300; font-size: 14px; font-family: Univers, Arial, Helvetica, serif; color: rgb(226, 226, 226);\">&#8211; Arrangement View (3 Saat)<\/span>\r\n                      <br><span style=\"font-weight: 300; font-size: 14px; font-family: Univers, Arial, Helvetica, serif; color: rgb(226, 226, 226);\">&#8211; Automation, Modulation, Ext Controllers, Racks (3 Saat)<\/span>\r\n                      <br><span style=\"font-weight: 300; font-size: 14px; font-family: Univers, Arial, Helvetica, serif; color: rgb(226, 226, 226);\">&#8211; Mixing (6 Saat)<\/span>\r\n                      <br><span style=\"font-weight: 300; font-size: 14px; font-family: Univers, Arial, Helvetica, serif; color: rgb(226, 226, 226);\">&#8211; Mastering ve Online Yay\u0131nc\u0131l\u0131k (3 Saat)<\/span>\r\n                      <br><span style=\"font-weight: 300; font-size: 14px; font-family: Univers, Arial, Helvetica, serif; color: rgb(226, 226, 226);\">&#8211; M\u00fczikte Formlar ve Bestecilik Uygulamalar\u0131 (6 Saat)<\/span>\r\n                      <br><span style=\"font-weight: 300; font-size: 14px; font-family: Univers, Arial, Helvetica, serif; color: rgb(226, 226, 226);\">&#8211; Proje Teslimi ve De\u011ferlendirme (3 Saat)<\/span><\/p>\r\n                  <\/div>\r\n                <\/div>\r\n              <\/div>\r\n            <\/div>\r\n          <\/div>\r\n          <div class=\"h-column h-column-container d-flex h-col-lg-auto h-col-md-auto h-col-auto style-369-outer style-local-2154-c11-outer\">\r\n            <div data-colibri-id=\"2154-c11\" class=\"d-flex h-flex-basis h-column__inner h-ui-empty-state-container h-px-lg-2 h-px-md-2 h-px-2 v-inner-lg-2 v-inner-md-2 v-inner-2 style-369 style-local-2154-c11 position-relative\">\r\n              <!---->\r\n              <!---->\r\n              <div class=\"w-100 h-y-container h-column__content h-column__v-align flex-basis-100\">\r\n                <!---->\r\n              <\/div>\r\n            <\/div>\r\n          <\/div>\r\n        <\/div>\r\n      <\/div>\r\n      <div data-colibri-id=\"2154-c12\" class=\"h-row-container gutters-row-lg-2 gutters-row-md-2 gutters-row-0 gutters-row-v-lg-2 gutters-row-v-md-2 gutters-row-v-2 style-363 style-local-2154-c12 position-relative\">\r\n        <!---->\r\n        <div class=\"h-row justify-content-lg-center justify-content-md-center justify-content-center align-items-lg-stretch align-items-md-stretch align-items-stretch gutters-col-lg-2 gutters-col-md-2 gutters-col-0 gutters-col-v-lg-2 gutters-col-v-md-2 gutters-col-v-2\">\r\n          <!---->\r\n          <div class=\"h-column h-column-container d-flex h-col-lg-auto h-col-md-auto h-col-auto style-364-outer style-local-2154-c13-outer\">\r\n            <div data-colibri-id=\"2154-c13\" class=\"d-flex h-flex-basis h-column__inner h-px-lg-2 h-px-md-2 h-px-2 v-inner-lg-2 v-inner-md-2 v-inner-2 style-364 style-local-2154-c13 position-relative\">\r\n              <!---->\r\n              <!---->\r\n              <div class=\"w-100 h-y-container h-column__content h-column__v-align flex-basis-100 align-self-lg-start align-self-md-start align-self-start\">\r\n                <!---->\r\n                <div data-colibri-id=\"2154-c14\" class=\"h-contact-form__outer--forminator style-373 style-local-2154-c14 position-relative h-element\">\r\n                  <!---->\r\n                  <div class=\"h-global-transition-all h-global-transition h-global-transition-all h-contact-form-shortcode\"><div class=\"forminator-ui forminator-custom-form forminator-custom-form-4172 forminator-design--default  forminator_ajax\" data-forminator-render=\"0\" data-form=\"forminator-module-4172\" data-uid=\"69f55006c42e2\"><br\/><\/div><form\n\t\t\t\tid=\"forminator-module-4172\"\n\t\t\t\tclass=\"forminator-ui forminator-custom-form forminator-custom-form-4172 forminator-design--default  forminator_ajax\"\n\t\t\t\tmethod=\"post\"\n\t\t\t\tdata-forminator-render=\"0\"\n\t\t\t\tdata-form-id=\"4172\"\n\t\t\t\t data-color-option=\"theme\" data-design=\"default\" data-grid=\"open\" style=\"display: none;\"\n\t\t\t\tdata-uid=\"69f55006c42e2\"\n\t\t\t><div role=\"alert\" aria-live=\"polite\" class=\"forminator-response-message forminator-error\" aria-hidden=\"true\"><\/div><div class=\"forminator-row\"><div id=\"name-1\" class=\"forminator-field-name forminator-col forminator-col-12 \"><div class=\"forminator-field\"><label for=\"forminator-field-name-1_69f55006c42e2\" id=\"forminator-field-name-1_69f55006c42e2-label\" class=\"forminator-label\">Ad Soyad<\/label><input type=\"text\" name=\"name-1\" value=\"\" placeholder=\"\" id=\"forminator-field-name-1_69f55006c42e2\" class=\"forminator-input forminator-name--field\" aria-required=\"false\" autocomplete=\"name\" \/><\/div><\/div><\/div><div class=\"forminator-row\"><div id=\"email-1\" class=\"forminator-field-email forminator-col forminator-col-12 \"><div class=\"forminator-field\"><label for=\"forminator-field-email-1_69f55006c42e2\" id=\"forminator-field-email-1_69f55006c42e2-label\" class=\"forminator-label\">E-posta Adresi<\/label><input type=\"email\" name=\"email-1\" value=\"\" placeholder=\"\" id=\"forminator-field-email-1_69f55006c42e2\" class=\"forminator-input forminator-email--field\" data-required=\"\" aria-required=\"false\" autocomplete=\"email\" \/><\/div><\/div><\/div><div class=\"forminator-row\"><div id=\"phone-1\" class=\"forminator-field-phone forminator-col forminator-col-12 \"><div class=\"forminator-field\"><label for=\"forminator-field-phone-1_69f55006c42e2\" id=\"forminator-field-phone-1_69f55006c42e2-label\" class=\"forminator-label\">Telefon Numaras\u0131<\/label><input type=\"text\" name=\"phone-1\" value=\"\" placeholder=\"\" id=\"forminator-field-phone-1_69f55006c42e2\" class=\"forminator-input forminator-field--phone\" data-required=\"\" aria-required=\"false\" autocomplete=\"off\" \/><\/div><\/div><\/div><input type=\"hidden\" name=\"referer_url\" value=\"\" \/><div class=\"forminator-row forminator-row-last\"><div class=\"forminator-col\"><div class=\"forminator-field\"><button class=\"forminator-button forminator-button-submit\">Mesaj G&ouml;nder<\/button><\/div><\/div><\/div><input type=\"hidden\" id=\"forminator_nonce\" name=\"forminator_nonce\" value=\"b014db15e3\" \/><input type=\"hidden\" name=\"_wp_http_referer\" value=\"\/index.php?rest_route=%2Fwp%2Fv2%2Fpages%2F2154\" \/><input type=\"hidden\" name=\"form_id\" value=\"4172\"><input type=\"hidden\" name=\"page_id\" value=\"2154\"><input type=\"hidden\" name=\"form_type\" value=\"default\"><input type=\"hidden\" name=\"current_url\" value=\"http:\/\/beatgatestudio.com\/?page_id=2154\"><input type=\"hidden\" name=\"render_id\" value=\"0\"><input type=\"hidden\" name=\"action\" value=\"forminator_submit_form_custom-forms\"><\/form><\/div>\r\n                <\/div>\r\n              <\/div>\r\n            <\/div>\r\n          <\/div>\r\n        <\/div>\r\n      <\/div>\r\n    <\/div>\r\n  <\/div>\r\n<\/div>","protected":false},"excerpt":{"rendered":"<p>MUSIC PRODUCTION Program Ad\u0131:&nbsp;Music Production E\u011fitim S\u00fcresi:&nbsp;&nbsp;??? E\u011fitim Saati:&nbsp;&nbsp;??? E\u011fitim Yeri:&nbsp;&nbsp;&nbsp;Beatgate Studio \/ [&hellip;]<\/p>\n","protected":false},"author":1,"featured_media":0,"parent":0,"menu_order":0,"comment_status":"open","ping_status":"closed","template":"page-templates\/full-width-page.php","meta":{"footnotes":""},"class_list":["post-2154","page","type-page","status-publish","hentry"],"_links":{"self":[{"href":"http:\/\/beatgatestudio.com\/index.php?rest_route=\/wp\/v2\/pages\/2154","targetHints":{"allow":["GET"]}}],"collection":[{"href":"http:\/\/beatgatestudio.com\/index.php?rest_route=\/wp\/v2\/pages"}],"about":[{"href":"http:\/\/beatgatestudio.com\/index.php?rest_route=\/wp\/v2\/types\/page"}],"author":[{"embeddable":true,"href":"http:\/\/beatgatestudio.com\/index.php?rest_route=\/wp\/v2\/users\/1"}],"replies":[{"embeddable":true,"href":"http:\/\/beatgatestudio.com\/index.php?rest_route=%2Fwp%2Fv2%2Fcomments&post=2154"}],"version-history":[{"count":13,"href":"http:\/\/beatgatestudio.com\/index.php?rest_route=\/wp\/v2\/pages\/2154\/revisions"}],"predecessor-version":[{"id":4502,"href":"http:\/\/beatgatestudio.com\/index.php?rest_route=\/wp\/v2\/pages\/2154\/revisions\/4502"}],"wp:attachment":[{"href":"http:\/\/beatgatestudio.com\/index.php?rest_route=%2Fwp%2Fv2%2Fmedia&parent=2154"}],"curies":[{"name":"wp","href":"https:\/\/api.w.org\/{rel}","templated":true}]}}